{"id":1127,"date":"2018-09-15T13:28:51","date_gmt":"2018-09-15T13:28:51","guid":{"rendered":"http:\/\/crystallight.co.rs\/?page_id=1127"},"modified":"2026-02-01T00:11:17","modified_gmt":"2026-02-01T00:11:17","slug":"konferencijska-sala-nis","status":"publish","type":"page","link":"https:\/\/crystallight.co.rs\/sr_rs\/konferencijska-sala-nis\/","title":{"rendered":"Kongresni centar"},"content":{"rendered":"\t\t<div data-elementor-type=\"wp-post\" data-elementor-id=\"1127\" class=\"elementor elementor-1127\" data-elementor-post-type=\"page\">\n\t\t\t\t\t\t<header class=\"elementor-section elementor-top-section elementor-element elementor-element-3a49049 elementor-section-full_width elementor-section-stretched elementor-section-height-default elementor-section-height-default\" data-id=\"3a49049\" data-element_type=\"section\" data-e-type=\"section\" data-settings=\"{&quot;stretch_section&quot;:&quot;section-stretched&quot;}\">\n\t\t\t\t\t\t<div class=\"elementor-container elementor-column-gap-default\">\n\t\t\t\t\t<div class=\"elementor-column elementor-col-100 elementor-top-column elementor-element elementor-element-fc57efe\" data-id=\"fc57efe\" data-element_type=\"column\" data-e-type=\"column\">\n\t\t\t<div class=\"elementor-widget-wrap elementor-element-populated\">\n\t\t\t\t\t\t<div class=\"elementor-element elementor-element-71fab7d elementor-widget elementor-widget-heading\" data-id=\"71fab7d\" data-element_type=\"widget\" data-e-type=\"widget\" data-widget_type=\"heading.default\">\n\t\t\t\t<div class=\"elementor-widget-container\">\n\t\t\t\t\t<h1 class=\"elementor-heading-title elementor-size-default\">Konferencijske sale-Hotel Crystal light Nis<\/h1>\t\t\t\t<\/div>\n\t\t\t\t<\/div>\n\t\t\t\t\t<\/div>\n\t\t<\/div>\n\t\t\t\t\t<\/div>\n\t\t<\/header>\n\t\t\t\t<header class=\"elementor-section elementor-top-section elementor-element elementor-element-6e31729d elementor-section-height-min-height elementor-section-content-top elementor-section-stretched elementor-section-boxed elementor-section-height-default elementor-section-items-middle\" data-id=\"6e31729d\" data-element_type=\"section\" data-e-type=\"section\" data-settings=\"{&quot;background_background&quot;:&quot;classic&quot;,&quot;stretch_section&quot;:&quot;section-stretched&quot;}\">\n\t\t\t\t\t\t\t<div class=\"elementor-background-overlay\"><\/div>\n\t\t\t\t\t\t\t<div class=\"elementor-container elementor-column-gap-default\">\n\t\t\t\t\t<div class=\"elementor-column elementor-col-100 elementor-top-column elementor-element elementor-element-737e11c0\" data-id=\"737e11c0\" data-element_type=\"column\" data-e-type=\"column\">\n\t\t\t<div class=\"elementor-widget-wrap elementor-element-populated\">\n\t\t\t\t\t\t\t<\/div>\n\t\t<\/div>\n\t\t\t\t\t<\/div>\n\t\t<\/header>\n\t\t\t\t<section class=\"elementor-section elementor-top-section elementor-element elementor-element-15860956 elementor-section-content-middle elementor-section-stretched elementor-section-boxed elementor-section-height-default elementor-section-height-default\" data-id=\"15860956\" data-element_type=\"section\" data-e-type=\"section\" data-settings=\"{&quot;stretch_section&quot;:&quot;section-stretched&quot;}\">\n\t\t\t\t\t\t<div class=\"elementor-container elementor-column-gap-default\">\n\t\t\t\t\t<div class=\"elementor-column elementor-col-50 elementor-top-column elementor-element elementor-element-6ade107f\" data-id=\"6ade107f\" data-element_type=\"column\" data-e-type=\"column\">\n\t\t\t<div class=\"elementor-widget-wrap elementor-element-populated\">\n\t\t\t\t\t\t<div class=\"elementor-element elementor-element-1e9255ef elementor-widget elementor-widget-text-editor\" data-id=\"1e9255ef\" data-element_type=\"widget\" data-e-type=\"widget\" data-widget_type=\"text-editor.default\">\n\t\t\t\t<div class=\"elementor-widget-container\">\n\t\t\t\t\t\t\t\t\t<p data-pm-slice=\"1 1 []\">Dobrodo\u0161li u Crystal light, hotel koji nudi savr\u0161eno opremljene konferencijske sale u Ni\u0161u. Bez obzira na to da li organizujete seminar, poslovni sastanak, konferenciju ili korporativni doga\u0111aj, na\u0161e konferencijske sale pru\u017eaju moderan i funkcionalan prostor koji ispunjava sve va\u0161e potrebe.Na\u0161a misija je da osiguramo da svaki detalj va\u0161eg doga\u0111aja bude pa\u017eljivo isplaniran i besprekorno izveden<\/p>\t\t\t\t\t\t\t\t<\/div>\n\t\t\t\t<\/div>\n\t\t\t\t\t<\/div>\n\t\t<\/div>\n\t\t\t\t<div class=\"elementor-column elementor-col-50 elementor-top-column elementor-element elementor-element-3dfee808\" data-id=\"3dfee808\" data-element_type=\"column\" data-e-type=\"column\">\n\t\t\t<div class=\"elementor-widget-wrap elementor-element-populated\">\n\t\t\t\t\t\t<div class=\"elementor-element elementor-element-60c0a3b2 elementor-widget elementor-widget-image\" data-id=\"60c0a3b2\" data-element_type=\"widget\" data-e-type=\"widget\" data-widget_type=\"image.default\">\n\t\t\t\t<div class=\"elementor-widget-container\">\n\t\t\t\t\t\t\t\t\t\t\t\t\t\t\t\t<a href=\"http:\/\/media.crystallight.co.rs\/2020\/10\/DSS_8857-scaled.jpg\" data-elementor-open-lightbox=\"yes\" data-elementor-lightbox-title=\"Konferencijska sala\" data-e-action-hash=\"#elementor-action%3Aaction%3Dlightbox%26settings%3DeyJpZCI6MTg5OSwidXJsIjoiaHR0cHM6XC9cL21lZGlhLmNyeXN0YWxsaWdodC5jby5yc1wvMjAyMFwvMTBcL0RTU184ODU3LXNjYWxlZC5qcGcifQ%3D%3D\">\n\t\t\t\t\t\t\t<img fetchpriority=\"high\" decoding=\"async\" width=\"1920\" height=\"1080\" src=\"https:\/\/media.crystallight.co.rs\/2020\/10\/DSS_8857-1920x1080.jpg\" class=\"attachment-rock-star-slider size-rock-star-slider wp-image-1899\" alt=\"Konferencijska sala za poslovne sastanke\" \/>\t\t\t\t\t\t\t\t<\/a>\n\t\t\t\t\t\t\t\t\t\t\t\t\t\t\t<\/div>\n\t\t\t\t<\/div>\n\t\t\t\t\t<\/div>\n\t\t<\/div>\n\t\t\t\t\t<\/div>\n\t\t<\/section>\n\t\t\t\t<section class=\"elementor-section elementor-top-section elementor-element elementor-element-7d1d7e24 elementor-section-content-middle elementor-reverse-mobile elementor-section-stretched elementor-section-boxed elementor-section-height-default elementor-section-height-default\" data-id=\"7d1d7e24\" data-element_type=\"section\" data-e-type=\"section\" data-settings=\"{&quot;stretch_section&quot;:&quot;section-stretched&quot;}\">\n\t\t\t\t\t\t<div class=\"elementor-container elementor-column-gap-default\">\n\t\t\t\t\t<div class=\"elementor-column elementor-col-50 elementor-top-column elementor-element elementor-element-570488aa\" data-id=\"570488aa\" data-element_type=\"column\" data-e-type=\"column\">\n\t\t\t<div class=\"elementor-widget-wrap elementor-element-populated\">\n\t\t\t\t\t\t<div class=\"elementor-element elementor-element-7e4ddd83 elementor-widget elementor-widget-image\" data-id=\"7e4ddd83\" data-element_type=\"widget\" data-e-type=\"widget\" data-widget_type=\"image.default\">\n\t\t\t\t<div class=\"elementor-widget-container\">\n\t\t\t\t\t\t\t\t\t\t\t\t\t\t\t<img decoding=\"async\" width=\"1920\" height=\"1080\" src=\"https:\/\/media.crystallight.co.rs\/2020\/10\/397320126_20181018_163623_9397055-1920x1080.jpg\" class=\"attachment-rock-star-slider size-rock-star-slider wp-image-1892\" alt=\"Konferencijska sala za sve vrste poslovnih dogadjaja\" \/>\t\t\t\t\t\t\t\t\t\t\t\t\t\t\t<\/div>\n\t\t\t\t<\/div>\n\t\t\t\t\t<\/div>\n\t\t<\/div>\n\t\t\t\t<div class=\"elementor-column elementor-col-50 elementor-top-column elementor-element elementor-element-2c7a5d77\" data-id=\"2c7a5d77\" data-element_type=\"column\" data-e-type=\"column\">\n\t\t\t<div class=\"elementor-widget-wrap elementor-element-populated\">\n\t\t\t\t\t\t<div class=\"elementor-element elementor-element-851963d elementor-widget elementor-widget-text-editor\" data-id=\"851963d\" data-element_type=\"widget\" data-e-type=\"widget\" data-widget_type=\"text-editor.default\">\n\t\t\t\t<div class=\"elementor-widget-container\">\n\t\t\t\t\t\t\t\t\t<p>Hotel Crystal light se nalazi na idealnoj lokaciji bez obzira da li dolazite iz grada ili drugog dela Srbije, lako dostupan i prestavlja savr\u0161eno mesto za sve va\u0161e aktivnosti.Pored konferencijske sale koja ima modernu tehni\u010dku opremu, i\u00a0<a href=\"https:\/\/crystallight.co.rs\/sr_rs\/sobe\/\" target=\"_blank\" rel=\"noopener\">smestaja<\/a>, mozete dobiti i uslugu\u00a0 keteringa, kako i kompletnu pomoc u organizovanju\u00a0 kako bi svaki detalj va\u0161eg doga\u0111aja bio besprekoran. Prilagodite prostor svojim potrebama i obezbedite inspirativno okru\u017eenje koje \u0107e impresionirati va\u0161e goste.<\/p>\t\t\t\t\t\t\t\t<\/div>\n\t\t\t\t<\/div>\n\t\t\t\t\t<\/div>\n\t\t<\/div>\n\t\t\t\t\t<\/div>\n\t\t<\/section>\n\t\t\t\t<section class=\"elementor-section elementor-top-section elementor-element elementor-element-65b73550 elementor-section-content-middle elementor-section-stretched elementor-section-boxed elementor-section-height-default elementor-section-height-default\" data-id=\"65b73550\" data-element_type=\"section\" data-e-type=\"section\" data-settings=\"{&quot;background_background&quot;:&quot;classic&quot;,&quot;stretch_section&quot;:&quot;section-stretched&quot;}\">\n\t\t\t\t\t\t<div class=\"elementor-container elementor-column-gap-default\">\n\t\t\t\t\t<div class=\"elementor-column elementor-col-50 elementor-top-column elementor-element elementor-element-381fd609\" data-id=\"381fd609\" data-element_type=\"column\" data-e-type=\"column\">\n\t\t\t<div class=\"elementor-widget-wrap elementor-element-populated\">\n\t\t\t\t\t\t<div class=\"elementor-element elementor-element-6635e8e elementor-widget elementor-widget-text-editor\" data-id=\"6635e8e\" data-element_type=\"widget\" data-e-type=\"widget\" data-widget_type=\"text-editor.default\">\n\t\t\t\t<div class=\"elementor-widget-container\">\n\t\t\t\t\t\t\t\t\t<p>Sve \u0161to je potrebno za uspe\u0161an doga\u0111aj nalazi se pod jednim krovom \u2013 uz stru\u010dnu podr\u0161ku na svakom koraku. Va\u0161a vizija postaje na\u0161a misija, a svaki detalj bi\u0107e besprekorno izveden. Prepustite organizaciju nama i osigurajte da va\u0161 dogadjaj bude profesionalno izveden i ostavi sna\u017ean utisak. Za sva va\u0161a pitanja budite slobodni da nas&nbsp;<a href=\"https:\/\/crystallight.co.rs\/sr_rs\/kontakt-1\/\" target=\"_blank\">kontaktirate<\/a>,jer mi smo tu zbog vas.&nbsp;<\/p>\t\t\t\t\t\t\t\t<\/div>\n\t\t\t\t<\/div>\n\t\t\t\t\t<\/div>\n\t\t<\/div>\n\t\t\t\t<div class=\"elementor-column elementor-col-50 elementor-top-column elementor-element elementor-element-5572201\" data-id=\"5572201\" data-element_type=\"column\" data-e-type=\"column\">\n\t\t\t<div class=\"elementor-widget-wrap elementor-element-populated\">\n\t\t\t\t\t\t<div class=\"elementor-element elementor-element-603a383 elementor-widget elementor-widget-image\" data-id=\"603a383\" data-element_type=\"widget\" data-e-type=\"widget\" data-widget_type=\"image.default\">\n\t\t\t\t<div class=\"elementor-widget-container\">\n\t\t\t\t\t\t\t\t\t\t\t\t\t\t\t<img decoding=\"async\" width=\"1920\" height=\"1080\" src=\"https:\/\/media.crystallight.co.rs\/2020\/10\/DSS_8861-1920x1080.jpg\" class=\"attachment-rock-star-slider size-rock-star-slider wp-image-1900\" alt=\"Konferencijska sala za poslovne sastanke\" \/>\t\t\t\t\t\t\t\t\t\t\t\t\t\t\t<\/div>\n\t\t\t\t<\/div>\n\t\t\t\t\t<\/div>\n\t\t<\/div>\n\t\t\t\t\t<\/div>\n\t\t<\/section>\n\t\t\t\t<section class=\"elementor-section elementor-top-section elementor-element elementor-element-5138d86b elementor-section-content-middle elementor-section-stretched elementor-section-boxed elementor-section-height-default elementor-section-height-default\" data-id=\"5138d86b\" data-element_type=\"section\" data-e-type=\"section\" data-settings=\"{&quot;stretch_section&quot;:&quot;section-stretched&quot;}\">\n\t\t\t\t\t\t<div class=\"elementor-container elementor-column-gap-default\">\n\t\t\t\t\t<div class=\"elementor-column elementor-col-50 elementor-top-column elementor-element elementor-element-d16ccde\" data-id=\"d16ccde\" data-element_type=\"column\" data-e-type=\"column\">\n\t\t\t<div class=\"elementor-widget-wrap elementor-element-populated\">\n\t\t\t\t\t\t<div class=\"elementor-element elementor-element-45a37038 elementor-widget elementor-widget-heading\" data-id=\"45a37038\" data-element_type=\"widget\" data-e-type=\"widget\" data-widget_type=\"heading.default\">\n\t\t\t\t<div class=\"elementor-widget-container\">\n\t\t\t\t\t<h2 class=\"elementor-heading-title elementor-size-large\">Kongresna sala\n\n\n<\/h2>\t\t\t\t<\/div>\n\t\t\t\t<\/div>\n\t\t\t\t<div class=\"elementor-element elementor-element-c180103 elementor-align-center elementor-widget elementor-widget-button\" data-id=\"c180103\" data-element_type=\"widget\" data-e-type=\"widget\" data-widget_type=\"button.default\">\n\t\t\t\t<div class=\"elementor-widget-container\">\n\t\t\t\t\t\t\t\t\t<div class=\"elementor-button-wrapper\">\n\t\t\t\t\t<a class=\"elementor-button elementor-button-link elementor-size-sm\" href=\"#popmake-2229\">\n\t\t\t\t\t\t<span class=\"elementor-button-content-wrapper\">\n\t\t\t\t\t\t\t\t\t<span class=\"elementor-button-text\">Proverite raspolo\u017eivost<\/span>\n\t\t\t\t\t<\/span>\n\t\t\t\t\t<\/a>\n\t\t\t\t<\/div>\n\t\t\t\t\t\t\t\t<\/div>\n\t\t\t\t<\/div>\n\t\t\t\t\t<\/div>\n\t\t<\/div>\n\t\t\t\t<div class=\"elementor-column elementor-col-50 elementor-top-column elementor-element elementor-element-724e4eaf elementor-sm-100\" data-id=\"724e4eaf\" data-element_type=\"column\" data-e-type=\"column\" data-settings=\"{&quot;background_background&quot;:&quot;classic&quot;}\">\n\t\t\t<div class=\"elementor-widget-wrap elementor-element-populated\">\n\t\t\t\t\t\t<div class=\"elementor-element elementor-element-3ee7b40f gallery-spacing-custom elementor-widget elementor-widget-image-gallery\" data-id=\"3ee7b40f\" data-element_type=\"widget\" data-e-type=\"widget\" data-widget_type=\"image-gallery.default\">\n\t\t\t\t<div class=\"elementor-widget-container\">\n\t\t\t\t\t\t\t<div class=\"elementor-image-gallery\">\n\t\t\t\n\t\t<style type=\"text\/css\">\n\t\t\t#gallery-1 {\n\t\t\t\tmargin: auto;\n\t\t\t}\n\t\t\t#gallery-1 .gallery-item {\n\t\t\t\tfloat: left;\n\t\t\t\tmargin-top: 10px;\n\t\t\t\ttext-align: center;\n\t\t\t\twidth: 50%;\n\t\t\t}\n\t\t\t#gallery-1 img {\n\t\t\t\tborder: 2px solid #cfcfcf;\n\t\t\t}\n\t\t\t#gallery-1 .gallery-caption {\n\t\t\t\tmargin-left: 0;\n\t\t\t}\n\t\t\t\/* see gallery_shortcode() in wp-includes\/media.php *\/\n\t\t<\/style>\n\t\t<div id='gallery-1' class='gallery galleryid-1127 gallery-columns-2 gallery-size-rock-star-slider'><dl class='gallery-item'>\n\t\t\t<dt class='gallery-icon landscape'>\n\t\t\t\t<a data-elementor-open-lightbox=\"yes\" data-elementor-lightbox-slideshow=\"3ee7b40f\" data-elementor-lightbox-title=\"Konferencijska sala\" data-e-action-hash=\"#elementor-action%3Aaction%3Dlightbox%26settings%3DeyJpZCI6MTg5NywidXJsIjoiaHR0cHM6XC9cL21lZGlhLmNyeXN0YWxsaWdodC5jby5yc1wvMjAyMFwvMTBcL0RTU184ODQ4LXNjYWxlZC5qcGciLCJzbGlkZXNob3ciOiIzZWU3YjQwZiJ9\" href='https:\/\/media.crystallight.co.rs\/2020\/10\/DSS_8848-scaled.jpg'><img loading=\"lazy\" decoding=\"async\" width=\"1920\" height=\"1080\" src=\"https:\/\/media.crystallight.co.rs\/2020\/10\/DSS_8848-1920x1080.jpg\" class=\"attachment-rock-star-slider size-rock-star-slider\" alt=\"Konferencijska sala za seminare\" \/><\/a>\n\t\t\t<\/dt><\/dl><dl class='gallery-item'>\n\t\t\t<dt class='gallery-icon landscape'>\n\t\t\t\t<a data-elementor-open-lightbox=\"yes\" data-elementor-lightbox-slideshow=\"3ee7b40f\" data-elementor-lightbox-title=\"Konferencijska sala\" data-e-action-hash=\"#elementor-action%3Aaction%3Dlightbox%26settings%3DeyJpZCI6MTg5OCwidXJsIjoiaHR0cHM6XC9cL21lZGlhLmNyeXN0YWxsaWdodC5jby5yc1wvMjAyMFwvMTBcL0RTU184ODUwLXNjYWxlZC5qcGciLCJzbGlkZXNob3ciOiIzZWU3YjQwZiJ9\" href='https:\/\/media.crystallight.co.rs\/2020\/10\/DSS_8850-scaled.jpg'><img loading=\"lazy\" decoding=\"async\" width=\"1920\" height=\"1080\" src=\"https:\/\/media.crystallight.co.rs\/2020\/10\/DSS_8850-1920x1080.jpg\" class=\"attachment-rock-star-slider size-rock-star-slider\" alt=\"Konferencijska sala za seminare\" \/><\/a>\n\t\t\t<\/dt><\/dl><br style=\"clear: both\" \/><dl class='gallery-item'>\n\t\t\t<dt class='gallery-icon landscape'>\n\t\t\t\t<a data-elementor-open-lightbox=\"yes\" data-elementor-lightbox-slideshow=\"3ee7b40f\" data-elementor-lightbox-title=\"Konferencijska sala\" data-e-action-hash=\"#elementor-action%3Aaction%3Dlightbox%26settings%3DeyJpZCI6MTg5MiwidXJsIjoiaHR0cHM6XC9cL21lZGlhLmNyeXN0YWxsaWdodC5jby5yc1wvMjAyMFwvMTBcLzM5NzMyMDEyNl8yMDE4MTAxOF8xNjM2MjNfOTM5NzA1NS1zY2FsZWQuanBnIiwic2xpZGVzaG93IjoiM2VlN2I0MGYifQ%3D%3D\" href='https:\/\/media.crystallight.co.rs\/2020\/10\/397320126_20181018_163623_9397055-scaled.jpg'><img loading=\"lazy\" decoding=\"async\" width=\"1920\" height=\"1080\" src=\"https:\/\/media.crystallight.co.rs\/2020\/10\/397320126_20181018_163623_9397055-1920x1080.jpg\" class=\"attachment-rock-star-slider size-rock-star-slider\" alt=\"Konferencijska sala za sve vrste poslovnih dogadjaja\" \/><\/a>\n\t\t\t<\/dt><\/dl><dl class='gallery-item'>\n\t\t\t<dt class='gallery-icon landscape'>\n\t\t\t\t<a data-elementor-open-lightbox=\"yes\" data-elementor-lightbox-slideshow=\"3ee7b40f\" data-elementor-lightbox-title=\"Konferencijska sala\" data-e-action-hash=\"#elementor-action%3Aaction%3Dlightbox%26settings%3DeyJpZCI6MTkwMCwidXJsIjoiaHR0cHM6XC9cL21lZGlhLmNyeXN0YWxsaWdodC5jby5yc1wvMjAyMFwvMTBcL0RTU184ODYxLXNjYWxlZC5qcGciLCJzbGlkZXNob3ciOiIzZWU3YjQwZiJ9\" href='https:\/\/media.crystallight.co.rs\/2020\/10\/DSS_8861-scaled.jpg'><img loading=\"lazy\" decoding=\"async\" width=\"1920\" height=\"1080\" src=\"https:\/\/media.crystallight.co.rs\/2020\/10\/DSS_8861-1920x1080.jpg\" class=\"attachment-rock-star-slider size-rock-star-slider\" alt=\"Konferencijska sala za poslovne sastanke\" \/><\/a>\n\t\t\t<\/dt><\/dl><br style=\"clear: both\" \/><dl class='gallery-item'>\n\t\t\t<dt class='gallery-icon landscape'>\n\t\t\t\t<a data-elementor-open-lightbox=\"yes\" data-elementor-lightbox-slideshow=\"3ee7b40f\" data-elementor-lightbox-title=\"Konferecijska sala\" data-e-action-hash=\"#elementor-action%3Aaction%3Dlightbox%26settings%3DeyJpZCI6MTg5MCwidXJsIjoiaHR0cHM6XC9cL21lZGlhLmNyeXN0YWxsaWdodC5jby5yc1wvMjAyMFwvMTBcLzIwMjAxMDEyXzE2MTEyMi1zY2FsZWQuanBnIiwic2xpZGVzaG93IjoiM2VlN2I0MGYifQ%3D%3D\" href='https:\/\/media.crystallight.co.rs\/2020\/10\/20201012_161122-scaled.jpg'><img loading=\"lazy\" decoding=\"async\" width=\"1920\" height=\"1080\" src=\"https:\/\/media.crystallight.co.rs\/2020\/10\/20201012_161122-1920x1080.jpg\" class=\"attachment-rock-star-slider size-rock-star-slider\" alt=\"Konferencijska sala Nis\" \/><\/a>\n\t\t\t<\/dt><\/dl>\n\t\t\t<br style='clear: both' \/>\n\t\t<\/div>\n\t\t<\/div>\n\t\t\t\t\t\t<\/div>\n\t\t\t\t<\/div>\n\t\t\t\t\t<\/div>\n\t\t<\/div>\n\t\t\t\t\t<\/div>\n\t\t<\/section>\n\t\t\t\t<section class=\"elementor-section elementor-top-section elementor-element elementor-element-89c8212 elementor-section-boxed elementor-section-height-default elementor-section-height-default\" data-id=\"89c8212\" data-element_type=\"section\" data-e-type=\"section\">\n\t\t\t\t\t\t<div class=\"elementor-container elementor-column-gap-default\">\n\t\t\t\t\t<div class=\"elementor-column elementor-col-100 elementor-top-column elementor-element elementor-element-68fae76\" data-id=\"68fae76\" data-element_type=\"column\" data-e-type=\"column\">\n\t\t\t<div class=\"elementor-widget-wrap\">\n\t\t\t\t\t\t\t<\/div>\n\t\t<\/div>\n\t\t\t\t\t<\/div>\n\t\t<\/section>\n\t\t\t\t<\/div>\n\t\t","protected":false},"excerpt":{"rendered":"<p>Konferencijske sale-Hotel Crystal light Nis Dobrodo\u0161li u Crystal light, hotel koji nudi savr\u0161eno opremljene konferencijske sale u Ni\u0161u. Bez obzira na to da li organizujete seminar, poslovni sastanak, konferenciju ili korporativni doga\u0111aj, na\u0161e konferencijske sale pru\u017eaju moderan i funkcionalan prostor koji ispunjava sve va\u0161e potrebe.Na\u0161a <span class=\"read-more\"><a class=\"more-link btn btn-transparent\" href=\"https:\/\/crystallight.co.rs\/sr_rs\/konferencijska-sala-nis\/\">Read More &#8230;<\/a><\/span><\/p>\n","protected":false},"author":1,"featured_media":0,"parent":0,"menu_order":0,"comment_status":"closed","ping_status":"closed","template":"elementor_header_footer","meta":{"_monsterinsights_skip_tracking":false,"_monsterinsights_sitenote_active":false,"_monsterinsights_sitenote_note":"","_monsterinsights_sitenote_category":0,"footnotes":""},"class_list":["post-1127","page","type-page","status-publish","hentry"],"_links":{"self":[{"href":"https:\/\/crystallight.co.rs\/sr_rs\/wp-json\/wp\/v2\/pages\/1127","targetHints":{"allow":["GET"]}}],"collection":[{"href":"https:\/\/crystallight.co.rs\/sr_rs\/wp-json\/wp\/v2\/pages"}],"about":[{"href":"https:\/\/crystallight.co.rs\/sr_rs\/wp-json\/wp\/v2\/types\/page"}],"author":[{"embeddable":true,"href":"https:\/\/crystallight.co.rs\/sr_rs\/wp-json\/wp\/v2\/users\/1"}],"replies":[{"embeddable":true,"href":"https:\/\/crystallight.co.rs\/sr_rs\/wp-json\/wp\/v2\/comments?post=1127"}],"version-history":[{"count":169,"href":"https:\/\/crystallight.co.rs\/sr_rs\/wp-json\/wp\/v2\/pages\/1127\/revisions"}],"predecessor-version":[{"id":2638,"href":"https:\/\/crystallight.co.rs\/sr_rs\/wp-json\/wp\/v2\/pages\/1127\/revisions\/2638"}],"wp:attachment":[{"href":"https:\/\/crystallight.co.rs\/sr_rs\/wp-json\/wp\/v2\/media?parent=1127"}],"curies":[{"name":"wp","href":"https:\/\/api.w.org\/{rel}","templated":true}]}}