{"id":1118,"date":"2018-09-15T13:26:42","date_gmt":"2018-09-15T13:26:42","guid":{"rendered":"http:\/\/crystallight.co.rs\/?page_id=1118"},"modified":"2026-01-31T22:36:56","modified_gmt":"2026-01-31T22:36:56","slug":"hotel-nis","status":"publish","type":"page","link":"https:\/\/crystallight.co.rs\/sr_rs\/","title":{"rendered":"Hotel Crystal light"},"content":{"rendered":"\t\t<div data-elementor-type=\"wp-post\" data-elementor-id=\"1118\" class=\"elementor elementor-1118\" data-elementor-post-type=\"page\">\n\t\t\t\t\t\t<section class=\"elementor-section elementor-top-section elementor-element elementor-element-511fef50 elementor-section-content-middle elementor-section-stretched elementor-section-full_width elementor-section-height-min-height elementor-section-height-default elementor-section-items-middle\" data-id=\"511fef50\" data-element_type=\"section\" data-e-type=\"section\" data-settings=\"{&quot;background_background&quot;:&quot;classic&quot;,&quot;stretch_section&quot;:&quot;section-stretched&quot;}\">\n\t\t\t\t\t\t<div class=\"elementor-container elementor-column-gap-no\">\n\t\t\t\t\t<div class=\"elementor-column elementor-col-50 elementor-top-column elementor-element elementor-element-52d741e2\" data-id=\"52d741e2\" data-element_type=\"column\" data-e-type=\"column\" data-settings=\"{&quot;background_background&quot;:&quot;classic&quot;}\">\n\t\t\t<div class=\"elementor-widget-wrap elementor-element-populated\">\n\t\t\t\t\t\t<div class=\"elementor-element elementor-element-6b2b82cb elementor-widget elementor-widget-text-editor\" data-id=\"6b2b82cb\" data-element_type=\"widget\" data-e-type=\"widget\" data-widget_type=\"text-editor.default\">\n\t\t\t\t<div class=\"elementor-widget-container\">\n\t\t\t\t\t\t\t\t\t<h4 data-start=\"244\" data-end=\"306\"><span style=\"color: #d1ad90;\"><strong data-start=\"244\" data-end=\"306\">Dobrodo\u0161li u hotel gde svaki gost ima svoje posebno mesto.<\/strong><\/span><\/h4><p class=\"\" data-start=\"308\" data-end=\"486\">Hotel Crystal Light u Ni\u0161u nije samo mesto za boravak , to je prostor u kome se stvaraju uspomene, grade poslovna partnerstva i pru\u017ea ose\u0107aj doma, \u010dak i kada ste daleko od njega.<\/p><p class=\"\" data-start=\"488\" data-end=\"692\">Hotel Crystal light raspolaze sa 34 moderno\u00a0 opremljenih soba i apartmana, koji pru\u017eaju savr\u0161en balans udobnosti i funkcionalnosti, dok konferencijske sale nude inspirativan ambijent za poslovne susrete, seminare i kongrese i druge poslovne doga\u0111aje.<\/p><p class=\"\" data-start=\"859\" data-end=\"993\">U Hotelu Crystal Light, svaki detalj je osmi\u0161ljen sa \u017eeljom da se ose\u0107ate posebno.<br data-start=\"941\" data-end=\"944\" \/>Kod nas se ne dolazi slu\u010dajno, kod nas se vra\u0107a!<\/p>\t\t\t\t\t\t\t\t<\/div>\n\t\t\t\t<\/div>\n\t\t\t\t\t<\/div>\n\t\t<\/div>\n\t\t\t\t<div class=\"elementor-column elementor-col-50 elementor-top-column elementor-element elementor-element-13f82aff\" data-id=\"13f82aff\" data-element_type=\"column\" data-e-type=\"column\">\n\t\t\t<div class=\"elementor-widget-wrap elementor-element-populated\">\n\t\t\t\t\t\t<div class=\"elementor-element elementor-element-751dbfb elementor-widget elementor-widget-image\" data-id=\"751dbfb\" data-element_type=\"widget\" data-e-type=\"widget\" data-widget_type=\"image.default\">\n\t\t\t\t<div class=\"elementor-widget-container\">\n\t\t\t\t\t\t\t\t\t\t\t\t\t\t\t\t<a href=\"http:\/\/media.crystallight.co.rs\/2025\/02\/hotel-crystal.jpg\" data-elementor-open-lightbox=\"yes\" data-elementor-lightbox-title=\"hotel-crystal\" data-e-action-hash=\"#elementor-action%3Aaction%3Dlightbox%26settings%3DeyJpZCI6MjM1NSwidXJsIjoiaHR0cHM6XC9cL21lZGlhLmNyeXN0YWxsaWdodC5jby5yc1wvMjAyNVwvMDJcL2hvdGVsLWNyeXN0YWwuanBnIn0%3D\">\n\t\t\t\t\t\t\t<img decoding=\"async\" src=\"https:\/\/media.crystallight.co.rs\/2025\/02\/hotel-crystal.jpg\" title=\"hotel-crystal\" alt=\"Hotel Crystal light Nis\" loading=\"lazy\" \/>\t\t\t\t\t\t\t\t<\/a>\n\t\t\t\t\t\t\t\t\t\t\t\t\t\t\t<\/div>\n\t\t\t\t<\/div>\n\t\t\t\t\t<\/div>\n\t\t<\/div>\n\t\t\t\t\t<\/div>\n\t\t<\/section>\n\t\t\t\t<section class=\"elementor-section elementor-top-section elementor-element elementor-element-4a068f30 elementor-section-content-middle elementor-reverse-mobile elementor-section-stretched elementor-section-full_width elementor-section-height-default elementor-section-height-default\" data-id=\"4a068f30\" data-element_type=\"section\" data-e-type=\"section\" data-settings=\"{&quot;background_background&quot;:&quot;classic&quot;,&quot;stretch_section&quot;:&quot;section-stretched&quot;}\">\n\t\t\t\t\t\t<div class=\"elementor-container elementor-column-gap-wide\">\n\t\t\t\t\t<div class=\"elementor-column elementor-col-50 elementor-top-column elementor-element elementor-element-79186a64\" data-id=\"79186a64\" data-element_type=\"column\" data-e-type=\"column\">\n\t\t\t<div class=\"elementor-widget-wrap elementor-element-populated\">\n\t\t\t\t\t\t<div class=\"elementor-element elementor-element-3db29a6 elementor-widget elementor-widget-image\" data-id=\"3db29a6\" data-element_type=\"widget\" data-e-type=\"widget\" data-widget_type=\"image.default\">\n\t\t\t\t<div class=\"elementor-widget-container\">\n\t\t\t\t\t\t\t\t\t\t\t\t\t\t\t\t<a href=\"http:\/\/media.crystallight.co.rs\/2025\/01\/DSCF8352-scaled.jpg\" data-elementor-open-lightbox=\"yes\" data-elementor-lightbox-title=\"Restoran\" data-e-action-hash=\"#elementor-action%3Aaction%3Dlightbox%26settings%3DeyJpZCI6MjI2NCwidXJsIjoiaHR0cHM6XC9cL21lZGlhLmNyeXN0YWxsaWdodC5jby5yc1wvMjAyNVwvMDFcL0RTQ0Y4MzUyLXNjYWxlZC5qcGcifQ%3D%3D\">\n\t\t\t\t\t\t\t<img decoding=\"async\" src=\"https:\/\/media.crystallight.co.rs\/2025\/01\/DSCF8352-scaled.jpg\" title=\"Restoran\" alt=\"Restoran Hotel Crystal light\" loading=\"lazy\" \/>\t\t\t\t\t\t\t\t<\/a>\n\t\t\t\t\t\t\t\t\t\t\t\t\t\t\t<\/div>\n\t\t\t\t<\/div>\n\t\t\t\t\t<\/div>\n\t\t<\/div>\n\t\t\t\t<div class=\"elementor-column elementor-col-50 elementor-top-column elementor-element elementor-element-7739db1a\" data-id=\"7739db1a\" data-element_type=\"column\" data-e-type=\"column\" data-settings=\"{&quot;background_background&quot;:&quot;classic&quot;}\">\n\t\t\t<div class=\"elementor-widget-wrap elementor-element-populated\">\n\t\t\t\t\t\t<div class=\"elementor-element elementor-element-6682a92 elementor-widget elementor-widget-text-editor\" data-id=\"6682a92\" data-element_type=\"widget\" data-e-type=\"widget\" data-widget_type=\"text-editor.default\">\n\t\t\t\t<div class=\"elementor-widget-container\">\n\t\t\t\t\t\t\t\t\t<h4 data-start=\"301\" data-end=\"372\"><span style=\"color: #e0cab4;\"><strong data-start=\"301\" data-end=\"372\"><span style=\"color: #e2c290;\">Restoran hotela Crystal Light \u2013 spoj ukusa, elegancije i udobnosti<\/span>.<\/strong><\/span><\/h4><p class=\"\" data-start=\"374\" data-end=\"563\">Bilo da ste gost hotela, prolaznik u potrazi za vrhunskim obrokom ili poslovni partner u potrazi za idealnim mestom za sastanak, na\u0161 restoran pru\u017ea savr\u0161en ambijent za svaki trenutak dana.<\/p><p class=\"\" data-start=\"374\" data-end=\"563\">Prostor je prilago\u0111en dnevnim sastancima, brzim konsultacijama i ru\u010dkovima sa partnerima, uz besprekoran nivo usluge koji prati standarde savremenog poslovanja.<br data-start=\"930\" data-end=\"933\" \/>Kada je va\u017ean utisak, hrana i\u00a0 prostor u kom sedite govori u va\u0161e ime.<\/p><p data-start=\"374\" data-end=\"563\">\u00a0<\/p>\t\t\t\t\t\t\t\t<\/div>\n\t\t\t\t<\/div>\n\t\t\t\t\t<\/div>\n\t\t<\/div>\n\t\t\t\t\t<\/div>\n\t\t<\/section>\n\t\t\t\t<section class=\"elementor-section elementor-top-section elementor-element elementor-element-68f30fbe elementor-section-content-middle elementor-section-stretched elementor-section-full_width elementor-section-height-default elementor-section-height-default\" data-id=\"68f30fbe\" data-element_type=\"section\" data-e-type=\"section\" data-settings=\"{&quot;background_background&quot;:&quot;classic&quot;,&quot;stretch_section&quot;:&quot;section-stretched&quot;}\">\n\t\t\t\t\t\t<div class=\"elementor-container elementor-column-gap-wide\">\n\t\t\t\t\t<div class=\"elementor-column elementor-col-50 elementor-top-column elementor-element elementor-element-43f5ad41\" data-id=\"43f5ad41\" data-element_type=\"column\" data-e-type=\"column\" data-settings=\"{&quot;background_background&quot;:&quot;classic&quot;}\">\n\t\t\t<div class=\"elementor-widget-wrap elementor-element-populated\">\n\t\t\t\t\t\t<div class=\"elementor-element elementor-element-5c27f1a elementor-widget elementor-widget-text-editor\" data-id=\"5c27f1a\" data-element_type=\"widget\" data-e-type=\"widget\" data-widget_type=\"text-editor.default\">\n\t\t\t\t<div class=\"elementor-widget-container\">\n\t\t\t\t\t\t\t\t\t<h4 data-start=\"290\" data-end=\"485\"><span style=\"color: #e2c29d;\"><strong data-start=\"290\" data-end=\"336\">Konferencijske sale-Prostor koji se prilago\u0111ava va\u0161im idejama.<\/strong><\/span><\/h4><p data-start=\"290\" data-end=\"485\">Konferencijske sale hotela Crystal Light dizajnirane su da podr\u017ee sve od intimnih sastanaka za 20 osoba do velikih doga\u0111aja do150 u\u010desnika.<\/p><p class=\"\" data-start=\"487\" data-end=\"684\">Savremeni enterijer, prirodno osvetljenje i kompletna tehni\u010dka oprema \u010dine ih idealnim mestom za prezentacije, seminare, radionice, konferencije i sve vrste poslovnih dogadjaja.<\/p><p class=\"\" data-start=\"686\" data-end=\"805\">Uz profesionalnu podr\u0161ku na\u0161eg tima, svaki doga\u0111aj te\u010de besprekorno od prvog poziva do poslednjeg aplauza.<\/p>\t\t\t\t\t\t\t\t<\/div>\n\t\t\t\t<\/div>\n\t\t\t\t\t<\/div>\n\t\t<\/div>\n\t\t\t\t<div class=\"elementor-column elementor-col-50 elementor-top-column elementor-element elementor-element-72549669\" data-id=\"72549669\" data-element_type=\"column\" data-e-type=\"column\">\n\t\t\t<div class=\"elementor-widget-wrap elementor-element-populated\">\n\t\t\t\t\t\t<div class=\"elementor-element elementor-element-7201ef3 elementor-widget elementor-widget-image\" data-id=\"7201ef3\" data-element_type=\"widget\" data-e-type=\"widget\" data-widget_type=\"image.default\">\n\t\t\t\t<div class=\"elementor-widget-container\">\n\t\t\t\t\t\t\t\t\t\t\t\t\t\t\t\t<a href=\"http:\/\/media.crystallight.co.rs\/2020\/10\/DSS_8857-scaled.jpg\" data-elementor-open-lightbox=\"yes\" data-elementor-lightbox-title=\"Konferencijska sala\" data-e-action-hash=\"#elementor-action%3Aaction%3Dlightbox%26settings%3DeyJpZCI6MTg5OSwidXJsIjoiaHR0cHM6XC9cL21lZGlhLmNyeXN0YWxsaWdodC5jby5yc1wvMjAyMFwvMTBcL0RTU184ODU3LXNjYWxlZC5qcGcifQ%3D%3D\">\n\t\t\t\t\t\t\t<img decoding=\"async\" src=\"https:\/\/media.crystallight.co.rs\/2020\/10\/DSS_8857-scaled.jpg\" title=\"Konferencijska sala\" alt=\"Konferencijska sala za poslovne sastanke\" loading=\"lazy\" \/>\t\t\t\t\t\t\t\t<\/a>\n\t\t\t\t\t\t\t\t\t\t\t\t\t\t\t<\/div>\n\t\t\t\t<\/div>\n\t\t\t\t\t<\/div>\n\t\t<\/div>\n\t\t\t\t\t<\/div>\n\t\t<\/section>\n\t\t\t\t<\/div>\n\t\t","protected":false},"excerpt":{"rendered":"<p>Dobrodo\u0161li u hotel gde svaki gost ima svoje posebno mesto. Hotel Crystal Light u Ni\u0161u nije samo mesto za boravak , to je prostor u kome se stvaraju uspomene, grade poslovna partnerstva i pru\u017ea ose\u0107aj doma, \u010dak i kada ste daleko od njega. Hotel Crystal <span class=\"read-more\"><a class=\"more-link btn btn-transparent\" href=\"https:\/\/crystallight.co.rs\/sr_rs\/\">Read More &#8230;<\/a><\/span><\/p>\n","protected":false},"author":1,"featured_media":0,"parent":0,"menu_order":0,"comment_status":"closed","ping_status":"closed","template":"elementor_header_footer","meta":{"_monsterinsights_skip_tracking":false,"_monsterinsights_sitenote_active":false,"_monsterinsights_sitenote_note":"","_monsterinsights_sitenote_category":0,"footnotes":""},"class_list":["post-1118","page","type-page","status-publish","hentry"],"_links":{"self":[{"href":"https:\/\/crystallight.co.rs\/sr_rs\/wp-json\/wp\/v2\/pages\/1118","targetHints":{"allow":["GET"]}}],"collection":[{"href":"https:\/\/crystallight.co.rs\/sr_rs\/wp-json\/wp\/v2\/pages"}],"about":[{"href":"https:\/\/crystallight.co.rs\/sr_rs\/wp-json\/wp\/v2\/types\/page"}],"author":[{"embeddable":true,"href":"https:\/\/crystallight.co.rs\/sr_rs\/wp-json\/wp\/v2\/users\/1"}],"replies":[{"embeddable":true,"href":"https:\/\/crystallight.co.rs\/sr_rs\/wp-json\/wp\/v2\/comments?post=1118"}],"version-history":[{"count":176,"href":"https:\/\/crystallight.co.rs\/sr_rs\/wp-json\/wp\/v2\/pages\/1118\/revisions"}],"predecessor-version":[{"id":2653,"href":"https:\/\/crystallight.co.rs\/sr_rs\/wp-json\/wp\/v2\/pages\/1118\/revisions\/2653"}],"wp:attachment":[{"href":"https:\/\/crystallight.co.rs\/sr_rs\/wp-json\/wp\/v2\/media?parent=1118"}],"curies":[{"name":"wp","href":"https:\/\/api.w.org\/{rel}","templated":true}]}}