{"id":2590,"date":"2026-01-29T17:46:05","date_gmt":"2026-01-29T17:46:05","guid":{"rendered":"https:\/\/crystallight.co.rs\/?page_id=2590"},"modified":"2026-03-17T22:13:26","modified_gmt":"2026-03-17T22:13:26","slug":"proslave","status":"publish","type":"page","link":"https:\/\/crystallight.co.rs\/en\/proslave\/","title":{"rendered":"Banquet hall"},"content":{"rendered":"<div data-elementor-type=\"wp-page\" data-elementor-id=\"2590\" class=\"elementor elementor-2590\" data-elementor-post-type=\"page\">\n\t\t\t\t\t\t<section class=\"elementor-section elementor-top-section elementor-element elementor-element-841a5b9 elementor-section-height-min-height elementor-section-content-middle elementor-section-boxed elementor-section-height-default elementor-section-items-middle\" data-id=\"841a5b9\" data-element_type=\"section\" data-e-type=\"section\" data-settings=\"{&quot;background_background&quot;:&quot;classic&quot;}\">\n\t\t\t\t\t\t<div class=\"elementor-container elementor-column-gap-default\">\n\t\t\t\t\t<div class=\"elementor-column elementor-col-100 elementor-top-column elementor-element elementor-element-5a14ab8\" data-id=\"5a14ab8\" data-element_type=\"column\" data-e-type=\"column\">\n\t\t\t<div class=\"elementor-widget-wrap elementor-element-populated\">\n\t\t\t\t\t\t<div class=\"elementor-element elementor-element-429c13b elementor-widget__width-initial elementor-widget elementor-widget-heading\" data-id=\"429c13b\" data-element_type=\"widget\" data-e-type=\"widget\" data-widget_type=\"heading.default\">\n\t\t\t\t<div class=\"elementor-widget-container\">\n\t\t\t\t\t<h2 class=\"elementor-heading-title elementor-size-default\">Banket sala Restoran Crystal Light<\/h2>\t\t\t\t<\/div>\n\t\t\t\t<\/div>\n\t\t\t\t\t<\/div>\n\t\t<\/div>\n\t\t\t\t\t<\/div>\n\t\t<\/section>\n\t\t\t\t<section class=\"elementor-section elementor-top-section elementor-element elementor-element-4e2718a elementor-section-full_width elementor-section-content-middle elementor-section-height-default elementor-section-height-default\" data-id=\"4e2718a\" data-element_type=\"section\" data-e-type=\"section\">\n\t\t\t\t\t\t<div class=\"elementor-container elementor-column-gap-default\">\n\t\t\t\t\t<div class=\"elementor-column elementor-col-100 elementor-top-column elementor-element elementor-element-4b74600\" data-id=\"4b74600\" data-element_type=\"column\" data-e-type=\"column\">\n\t\t\t<div class=\"elementor-widget-wrap elementor-element-populated\">\n\t\t\t\t\t\t<section class=\"elementor-section elementor-inner-section elementor-element elementor-element-fe5332c elementor-section-content-middle elementor-section-boxed elementor-section-height-default elementor-section-height-default\" data-id=\"fe5332c\" data-element_type=\"section\" data-e-type=\"section\">\n\t\t\t\t\t\t<div class=\"elementor-container elementor-column-gap-default\">\n\t\t\t\t\t<div class=\"elementor-column elementor-col-50 elementor-inner-column elementor-element elementor-element-8a73568\" data-id=\"8a73568\" data-element_type=\"column\" data-e-type=\"column\" data-settings=\"{&quot;background_background&quot;:&quot;classic&quot;}\">\n\t\t\t<div class=\"elementor-widget-wrap elementor-element-populated\">\n\t\t\t\t\t<div class=\"elementor-background-overlay\"><\/div>\n\t\t\t\t\t\t<div class=\"elementor-element elementor-element-5d366d1 elementor-widget__width-initial elementor-widget elementor-widget-text-editor\" data-id=\"5d366d1\" data-element_type=\"widget\" data-e-type=\"widget\" data-widget_type=\"text-editor.default\">\n\t\t\t\t<div class=\"elementor-widget-container\">\n\t\t\t\t\t\t\t\t\t<h4><span style=\"color: #dbbc9e;\"><strong>Restoran Crystal Light\u00a0<\/strong><\/span><\/h4><h5><span style=\"color: #dbbc9e;\"><strong> raspola\u017ee moderno opremljenom sve\u010danom salom kapaciteta do 300 mesta, idealnom za organizaciju razli\u010ditih vrsta proslava i doga\u0111aja.Namenjena je svima koji \u017eele da va\u017ene trenutke obele\u017ee u posebnoj atmosferi.<\/strong><\/span><\/h5><h5><span style=\"color: #dbbc9e;\"><strong>Ovde se slave ljubav, porodica i uspeh. Ovde po\u010dinju brakovi, rastu uspomene i dele se osmesi. Sala je idealna za svadbe, kr\u0161tenja, ro\u0111endane i poslovne proslave.<\/strong><\/span><\/h5>\t\t\t\t\t\t\t\t<\/div>\n\t\t\t\t<\/div>\n\t\t\t\t\t<\/div>\n\t\t<\/div>\n\t\t\t\t<div class=\"elementor-column elementor-col-50 elementor-inner-column elementor-element elementor-element-ce2c774\" data-id=\"ce2c774\" data-element_type=\"column\" data-e-type=\"column\">\n\t\t\t<div class=\"elementor-widget-wrap elementor-element-populated\">\n\t\t\t\t\t\t<div class=\"elementor-element elementor-element-b11e556 elementor-widget elementor-widget-image\" data-id=\"b11e556\" data-element_type=\"widget\" data-e-type=\"widget\" data-widget_type=\"image.default\">\n\t\t\t\t<div class=\"elementor-widget-container\">\n\t\t\t\t\t\t\t\t\t\t\t\t\t\t\t<img decoding=\"async\" src=\"https:\/\/media.crystallight.co.rs\/2018\/09\/mica.jpg\" title=\"mica\" alt=\"mica\" loading=\"lazy\" \/>\t\t\t\t\t\t\t\t\t\t\t\t\t\t\t<\/div>\n\t\t\t\t<\/div>\n\t\t\t\t\t<\/div>\n\t\t<\/div>\n\t\t\t\t\t<\/div>\n\t\t<\/section>\n\t\t\t\t\t<\/div>\n\t\t<\/div>\n\t\t\t\t\t<\/div>\n\t\t<\/section>\n\t\t\t\t<section class=\"elementor-section elementor-top-section elementor-element elementor-element-2c8ce54 elementor-section-boxed elementor-section-height-default elementor-section-height-default\" data-id=\"2c8ce54\" data-element_type=\"section\" data-e-type=\"section\">\n\t\t\t\t\t\t<div class=\"elementor-container elementor-column-gap-default\">\n\t\t\t\t\t<div class=\"elementor-column elementor-col-50 elementor-top-column elementor-element elementor-element-6c5c622\" data-id=\"6c5c622\" data-element_type=\"column\" data-e-type=\"column\">\n\t\t\t<div class=\"elementor-widget-wrap elementor-element-populated\">\n\t\t\t\t\t\t<div class=\"elementor-element elementor-element-f641aa5 elementor-widget elementor-widget-image\" data-id=\"f641aa5\" data-element_type=\"widget\" data-e-type=\"widget\" data-widget_type=\"image.default\">\n\t\t\t\t<div class=\"elementor-widget-container\">\n\t\t\t\t\t\t\t\t\t\t\t\t\t\t\t<img decoding=\"async\" src=\"https:\/\/media.crystallight.co.rs\/2018\/09\/IMG-56d592eca7274b525deb387001c217c0-V-1.jpg\" title=\"IMG-56d592eca7274b525deb387001c217c0-V\" alt=\"IMG-56d592eca7274b525deb387001c217c0-V\" loading=\"lazy\" \/>\t\t\t\t\t\t\t\t\t\t\t\t\t\t\t<\/div>\n\t\t\t\t<\/div>\n\t\t\t\t\t<\/div>\n\t\t<\/div>\n\t\t\t\t<div class=\"elementor-column elementor-col-50 elementor-top-column elementor-element elementor-element-93ced6e\" data-id=\"93ced6e\" data-element_type=\"column\" data-e-type=\"column\">\n\t\t\t<div class=\"elementor-widget-wrap elementor-element-populated\">\n\t\t\t\t\t\t<div class=\"elementor-element elementor-element-b1b1e12 elementor-widget elementor-widget-text-editor\" data-id=\"b1b1e12\" data-element_type=\"widget\" data-e-type=\"widget\" data-widget_type=\"text-editor.default\">\n\t\t\t\t<div class=\"elementor-widget-container\">\n\t\t\t\t\t\t\t\t\t<p style=\"text-align: center;\">Posebni trenuci zaslu\u017euju posebno mesto. Hotel\u00a0<strong data-start=\"270\" data-end=\"287\">Crystal Light<\/strong>\u00a0je idealan izbor za sve vrste proslava \u2014 od intimnih okupljanja do velikih i sve\u010danih doga\u0111aja. Sa pa\u017eljivo ure\u0111enim prostorom, vrhunskom uslugom i posve\u0107enim timom, svaku va\u0161u proslavu pretvaramo u nezaboravno iskustvo.Bilo da organizujete\u00a0<strong data-start=\"531\" data-end=\"624\">ro\u0111endan, kr\u0161tenje, jubilej, veridbu, godi\u0161njicu, poslovnu proslavu ili porodi\u010dno slavlje<\/strong>, na\u0161 hotel nudi savr\u0161enu kombinaciju elegancije, komfora i profesionalnosti. Gastronomska ponuda Hotela Crystal Light pa\u017eljivo je osmi\u0161ljena kako bi zadovoljila i najistan\u010danije ukuse. Na\u0161i kuvari pripremaju raznovrsne menije od sve\u017eih i kvalitetnih namirnica, uz mogu\u0107nost prilago\u0111avanja prema va\u0161im \u017eeljama. Ljubazno i iskusno osoblje stoji vam na raspolaganju tokom \u010ditavog doga\u0111aja, kako biste vi mogli bezbri\u017eno da u\u017eivate sa svojim gostima.<\/p>\t\t\t\t\t\t\t\t<\/div>\n\t\t\t\t<\/div>\n\t\t\t\t\t<\/div>\n\t\t<\/div>\n\t\t\t\t\t<\/div>\n\t\t<\/section>\n\t\t\t\t<section class=\"elementor-section elementor-top-section elementor-element elementor-element-37b7c96 elementor-section-boxed elementor-section-height-default elementor-section-height-default\" data-id=\"37b7c96\" data-element_type=\"section\" data-e-type=\"section\">\n\t\t\t\t\t\t<div class=\"elementor-container elementor-column-gap-default\">\n\t\t\t\t\t<div class=\"elementor-column elementor-col-33 elementor-top-column elementor-element elementor-element-d566d7d\" data-id=\"d566d7d\" data-element_type=\"column\" data-e-type=\"column\">\n\t\t\t<div class=\"elementor-widget-wrap elementor-element-populated\">\n\t\t\t\t\t\t<div class=\"elementor-element elementor-element-5a7d956 elementor-widget elementor-widget-image\" data-id=\"5a7d956\" data-element_type=\"widget\" data-e-type=\"widget\" data-widget_type=\"image.default\">\n\t\t\t\t<div class=\"elementor-widget-container\">\n\t\t\t\t\t\t\t\t\t\t\t\t\t\t\t<img decoding=\"async\" src=\"https:\/\/media.crystallight.co.rs\/2018\/09\/FB_IMG_1538053517325-2.jpg\" title=\"FB_IMG_1538053517325-2\" alt=\"FB_IMG_1538053517325-2\" loading=\"lazy\" \/>\t\t\t\t\t\t\t\t\t\t\t\t\t\t\t<\/div>\n\t\t\t\t<\/div>\n\t\t\t\t\t<\/div>\n\t\t<\/div>\n\t\t\t\t<div class=\"elementor-column elementor-col-33 elementor-top-column elementor-element elementor-element-b000a33\" data-id=\"b000a33\" data-element_type=\"column\" data-e-type=\"column\">\n\t\t\t<div class=\"elementor-widget-wrap elementor-element-populated\">\n\t\t\t\t\t\t<div class=\"elementor-element elementor-element-910a962 elementor-widget elementor-widget-text-editor\" data-id=\"910a962\" data-element_type=\"widget\" data-e-type=\"widget\" data-widget_type=\"text-editor.default\">\n\t\t\t\t<div class=\"elementor-widget-container\">\n\t\t\t\t\t\t\t\t\t<p style=\"text-align: center;\">Na\u0161 cilj je da va\u0161a proslava protekne savr\u0161eno, bez brige i stresa. Pored prostora i hrane, nudimo podr\u0161ku u organizaciji, savetovanje i tu smo da se ose\u0107ate da ste u sigurnim rukama.<\/p><p style=\"text-align: center;\">Va\u0161e je da tog dana imate osmeh na licu i dobro raspolo\u017eenje,za sve ostalo pobrinu\u0107emo se mi.\u00a0<\/p><h4 style=\"text-align: center;\"><span style=\"color: #ffcc99;\"><em>Va\u0161 Crystal Light<\/em><\/span><\/h4>\t\t\t\t\t\t\t\t<\/div>\n\t\t\t\t<\/div>\n\t\t\t\t\t<\/div>\n\t\t<\/div>\n\t\t\t\t<div class=\"elementor-column elementor-col-33 elementor-top-column elementor-element elementor-element-7ee9dae\" data-id=\"7ee9dae\" data-element_type=\"column\" data-e-type=\"column\">\n\t\t\t<div class=\"elementor-widget-wrap elementor-element-populated\">\n\t\t\t\t\t\t<div class=\"elementor-element elementor-element-b227228 elementor-widget elementor-widget-image\" data-id=\"b227228\" data-element_type=\"widget\" data-e-type=\"widget\" data-widget_type=\"image.default\">\n\t\t\t\t<div class=\"elementor-widget-container\">\n\t\t\t\t\t\t\t\t\t\t\t\t\t\t\t<img fetchpriority=\"high\" decoding=\"async\" width=\"840\" height=\"630\" src=\"https:\/\/media.crystallight.co.rs\/2018\/09\/bhghrbn-1-3-840x630.jpg\" class=\"attachment-rock-star-featured size-rock-star-featured wp-image-1462\" alt=\"\" srcset=\"http:\/\/media.crystallight.co.rs\/2018\/09\/bhghrbn-1-3-840x630.jpg 840w, http:\/\/media.crystallight.co.rs\/2018\/09\/bhghrbn-1-3-90x68.jpg 90w\" sizes=\"(max-width: 840px) 100vw, 840px\" \/>\t\t\t\t\t\t\t\t\t\t\t\t\t\t\t<\/div>\n\t\t\t\t<\/div>\n\t\t\t\t\t<\/div>\n\t\t<\/div>\n\t\t\t\t\t<\/div>\n\t\t<\/section>\n\t\t\t\t<\/div>","protected":false},"excerpt":{"rendered":"<p>Banket sala Restoran Crystal Light Restoran Crystal Light\u00a0 raspola\u017ee moderno opremljenom sve\u010danom salom kapaciteta do 300 mesta, idealnom za organizaciju razli\u010ditih vrsta proslava i doga\u0111aja.Namenjena je svima koji \u017eele da va\u017ene trenutke obele\u017ee u posebnoj atmosferi. Ovde se slave ljubav, porodica i uspeh. Ovde po\u010dinju <span class=\"read-more\"><a class=\"more-link btn btn-transparent\" href=\"https:\/\/crystallight.co.rs\/en\/proslave\/\">Read More &#8230;<\/a><\/span><\/p>","protected":false},"author":1,"featured_media":0,"parent":0,"menu_order":0,"comment_status":"closed","ping_status":"closed","template":"elementor_header_footer","meta":{"_monsterinsights_skip_tracking":false,"_monsterinsights_sitenote_active":false,"_monsterinsights_sitenote_note":"","_monsterinsights_sitenote_category":0,"footnotes":""},"class_list":["post-2590","page","type-page","status-publish","hentry"],"_links":{"self":[{"href":"https:\/\/crystallight.co.rs\/en\/wp-json\/wp\/v2\/pages\/2590","targetHints":{"allow":["GET"]}}],"collection":[{"href":"https:\/\/crystallight.co.rs\/en\/wp-json\/wp\/v2\/pages"}],"about":[{"href":"https:\/\/crystallight.co.rs\/en\/wp-json\/wp\/v2\/types\/page"}],"author":[{"embeddable":true,"href":"https:\/\/crystallight.co.rs\/en\/wp-json\/wp\/v2\/users\/1"}],"replies":[{"embeddable":true,"href":"https:\/\/crystallight.co.rs\/en\/wp-json\/wp\/v2\/comments?post=2590"}],"version-history":[{"count":53,"href":"https:\/\/crystallight.co.rs\/en\/wp-json\/wp\/v2\/pages\/2590\/revisions"}],"predecessor-version":[{"id":2676,"href":"https:\/\/crystallight.co.rs\/en\/wp-json\/wp\/v2\/pages\/2590\/revisions\/2676"}],"wp:attachment":[{"href":"https:\/\/crystallight.co.rs\/en\/wp-json\/wp\/v2\/media?parent=2590"}],"curies":[{"name":"wp","href":"https:\/\/api.w.org\/{rel}","templated":true}]}}