{"id":1118,"date":"2018-09-15T13:26:42","date_gmt":"2018-09-15T13:26:42","guid":{"rendered":"http:\/\/crystallight.co.rs\/?page_id=1118"},"modified":"2026-01-31T22:36:56","modified_gmt":"2026-01-31T22:36:56","slug":"hotel-nis","status":"publish","type":"page","link":"https:\/\/crystallight.co.rs\/en\/","title":{"rendered":"Hotel Crystal light"},"content":{"rendered":"<div data-elementor-type=\"wp-post\" data-elementor-id=\"1118\" class=\"elementor elementor-1118\" data-elementor-post-type=\"page\">\n\t\t\t\t\t\t<section class=\"elementor-section elementor-top-section elementor-element elementor-element-511fef50 elementor-section-content-middle elementor-section-stretched elementor-section-full_width elementor-section-height-min-height elementor-section-height-default elementor-section-items-middle\" data-id=\"511fef50\" data-element_type=\"section\" data-e-type=\"section\" data-settings=\"{&quot;background_background&quot;:&quot;classic&quot;,&quot;stretch_section&quot;:&quot;section-stretched&quot;}\">\n\t\t\t\t\t\t<div class=\"elementor-container elementor-column-gap-no\">\n\t\t\t\t\t<div class=\"elementor-column elementor-col-50 elementor-top-column elementor-element elementor-element-52d741e2\" data-id=\"52d741e2\" data-element_type=\"column\" data-e-type=\"column\" data-settings=\"{&quot;background_background&quot;:&quot;classic&quot;}\">\n\t\t\t<div class=\"elementor-widget-wrap elementor-element-populated\">\n\t\t\t\t\t\t<div class=\"elementor-element elementor-element-6b2b82cb elementor-widget elementor-widget-text-editor\" data-id=\"6b2b82cb\" data-element_type=\"widget\" data-e-type=\"widget\" data-widget_type=\"text-editor.default\">\n\t\t\t\t<div class=\"elementor-widget-container\">\n\t\t\t\t\t\t\t\t\t<h4 data-start=\"244\" data-end=\"306\"><span style=\"color: #d1ad90;\"><strong data-start=\"244\" data-end=\"306\">Welcome to a hotel where every guest has their own special place.<\/strong><\/span><\/h4><p class=\"\" data-start=\"308\" data-end=\"486\">Hotel Crystal Light in Ni\u0161 is not just a place to stay, it's a space where memories are made, business partnerships are built, and a sense of home is felt, even when you're far from it.<\/p><p class=\"\" data-start=\"488\" data-end=\"692\">Hotel Crystal Light offers 34 modernly equipped rooms and suites, providing the perfect balance of comfort and functionality, while the conference halls create an inspiring setting for business meetings, seminars, conferences, and other corporate events.<\/p><p class=\"\" data-start=\"859\" data-end=\"993\">At Hotel Crystal Light, every detail is thoughtfully designed to make you feel special.<br data-start=\"941\" data-end=\"944\" \/>You don\u2019t come to us by chance , you come back.<\/p>\t\t\t\t\t\t\t\t<\/div>\n\t\t\t\t<\/div>\n\t\t\t\t\t<\/div>\n\t\t<\/div>\n\t\t\t\t<div class=\"elementor-column elementor-col-50 elementor-top-column elementor-element elementor-element-13f82aff\" data-id=\"13f82aff\" data-element_type=\"column\" data-e-type=\"column\">\n\t\t\t<div class=\"elementor-widget-wrap elementor-element-populated\">\n\t\t\t\t\t\t<div class=\"elementor-element elementor-element-751dbfb elementor-widget elementor-widget-image\" data-id=\"751dbfb\" data-element_type=\"widget\" data-e-type=\"widget\" data-widget_type=\"image.default\">\n\t\t\t\t<div class=\"elementor-widget-container\">\n\t\t\t\t\t\t\t\t\t\t\t\t\t\t\t\t<a href=\"http:\/\/media.crystallight.co.rs\/2025\/02\/hotel-crystal.jpg\" data-elementor-open-lightbox=\"yes\" data-elementor-lightbox-title=\"hotel-crystal\" data-e-action-hash=\"#elementor-action%3Aaction%3Dlightbox%26settings%3DeyJpZCI6MjM1NSwidXJsIjoiaHR0cHM6XC9cL21lZGlhLmNyeXN0YWxsaWdodC5jby5yc1wvMjAyNVwvMDJcL2hvdGVsLWNyeXN0YWwuanBnIn0%3D\">\n\t\t\t\t\t\t\t<img decoding=\"async\" src=\"https:\/\/media.crystallight.co.rs\/2025\/02\/hotel-crystal.jpg\" title=\"hotel-crystal\" alt=\"Hotel Crystal light Nis\" loading=\"lazy\" \/>\t\t\t\t\t\t\t\t<\/a>\n\t\t\t\t\t\t\t\t\t\t\t\t\t\t\t<\/div>\n\t\t\t\t<\/div>\n\t\t\t\t\t<\/div>\n\t\t<\/div>\n\t\t\t\t\t<\/div>\n\t\t<\/section>\n\t\t\t\t<section class=\"elementor-section elementor-top-section elementor-element elementor-element-4a068f30 elementor-section-content-middle elementor-reverse-mobile elementor-section-stretched elementor-section-full_width elementor-section-height-default elementor-section-height-default\" data-id=\"4a068f30\" data-element_type=\"section\" data-e-type=\"section\" data-settings=\"{&quot;background_background&quot;:&quot;classic&quot;,&quot;stretch_section&quot;:&quot;section-stretched&quot;}\">\n\t\t\t\t\t\t<div class=\"elementor-container elementor-column-gap-wide\">\n\t\t\t\t\t<div class=\"elementor-column elementor-col-50 elementor-top-column elementor-element elementor-element-79186a64\" data-id=\"79186a64\" data-element_type=\"column\" data-e-type=\"column\">\n\t\t\t<div class=\"elementor-widget-wrap elementor-element-populated\">\n\t\t\t\t\t\t<div class=\"elementor-element elementor-element-3db29a6 elementor-widget elementor-widget-image\" data-id=\"3db29a6\" data-element_type=\"widget\" data-e-type=\"widget\" data-widget_type=\"image.default\">\n\t\t\t\t<div class=\"elementor-widget-container\">\n\t\t\t\t\t\t\t\t\t\t\t\t\t\t\t\t<a href=\"http:\/\/media.crystallight.co.rs\/2025\/01\/DSCF8352-scaled.jpg\" data-elementor-open-lightbox=\"yes\" data-elementor-lightbox-title=\"Restoran\" data-e-action-hash=\"#elementor-action%3Aaction%3Dlightbox%26settings%3DeyJpZCI6MjI2NCwidXJsIjoiaHR0cHM6XC9cL21lZGlhLmNyeXN0YWxsaWdodC5jby5yc1wvMjAyNVwvMDFcL0RTQ0Y4MzUyLXNjYWxlZC5qcGcifQ%3D%3D\">\n\t\t\t\t\t\t\t<img decoding=\"async\" src=\"https:\/\/media.crystallight.co.rs\/2025\/01\/DSCF8352-scaled.jpg\" title=\"Restoran\" alt=\"Restoran Hotel Crystal light\" loading=\"lazy\" \/>\t\t\t\t\t\t\t\t<\/a>\n\t\t\t\t\t\t\t\t\t\t\t\t\t\t\t<\/div>\n\t\t\t\t<\/div>\n\t\t\t\t\t<\/div>\n\t\t<\/div>\n\t\t\t\t<div class=\"elementor-column elementor-col-50 elementor-top-column elementor-element elementor-element-7739db1a\" data-id=\"7739db1a\" data-element_type=\"column\" data-e-type=\"column\" data-settings=\"{&quot;background_background&quot;:&quot;classic&quot;}\">\n\t\t\t<div class=\"elementor-widget-wrap elementor-element-populated\">\n\t\t\t\t\t\t<div class=\"elementor-element elementor-element-6682a92 elementor-widget elementor-widget-text-editor\" data-id=\"6682a92\" data-element_type=\"widget\" data-e-type=\"widget\" data-widget_type=\"text-editor.default\">\n\t\t\t\t<div class=\"elementor-widget-container\">\n\t\t\t\t\t\t\t\t\t<h4 data-start=\"301\" data-end=\"372\"><span style=\"color: #e0cab4;\"><strong data-start=\"301\" data-end=\"372\"><span style=\"color: #e2c290;\">Restoran hotela Crystal Light \u2013 spoj ukusa, elegancije i udobnosti<\/span>.<\/strong><\/span><\/h4><p class=\"\" data-start=\"374\" data-end=\"563\">Whether you're a hotel guest, a passerby in search of a top-quality meal, or a business partner looking for the perfect meeting spot, our restaurant offers the ideal setting for any moment of the day.<\/p><p class=\"\" data-start=\"374\" data-end=\"563\">The space is tailored for daytime meetings, quick consultations, and business lunches, all accompanied by impeccable service that meets the standards of modern business.<br data-start=\"930\" data-end=\"933\" \/>When making a strong impression matters, the food and the space you\u2019re in speak on your behalf.<\/p><p data-start=\"374\" data-end=\"563\">\u00a0<\/p>\t\t\t\t\t\t\t\t<\/div>\n\t\t\t\t<\/div>\n\t\t\t\t\t<\/div>\n\t\t<\/div>\n\t\t\t\t\t<\/div>\n\t\t<\/section>\n\t\t\t\t<section class=\"elementor-section elementor-top-section elementor-element elementor-element-68f30fbe elementor-section-content-middle elementor-section-stretched elementor-section-full_width elementor-section-height-default elementor-section-height-default\" data-id=\"68f30fbe\" data-element_type=\"section\" data-e-type=\"section\" data-settings=\"{&quot;background_background&quot;:&quot;classic&quot;,&quot;stretch_section&quot;:&quot;section-stretched&quot;}\">\n\t\t\t\t\t\t<div class=\"elementor-container elementor-column-gap-wide\">\n\t\t\t\t\t<div class=\"elementor-column elementor-col-50 elementor-top-column elementor-element elementor-element-43f5ad41\" data-id=\"43f5ad41\" data-element_type=\"column\" data-e-type=\"column\" data-settings=\"{&quot;background_background&quot;:&quot;classic&quot;}\">\n\t\t\t<div class=\"elementor-widget-wrap elementor-element-populated\">\n\t\t\t\t\t\t<div class=\"elementor-element elementor-element-5c27f1a elementor-widget elementor-widget-text-editor\" data-id=\"5c27f1a\" data-element_type=\"widget\" data-e-type=\"widget\" data-widget_type=\"text-editor.default\">\n\t\t\t\t<div class=\"elementor-widget-container\">\n\t\t\t\t\t\t\t\t\t<h4 data-start=\"290\" data-end=\"485\"><span style=\"color: #e2c29d;\"><strong data-start=\"290\" data-end=\"336\">Conference Halls \u2013 A space that adapts to your ideas.<\/strong><\/span><\/h4><p data-start=\"290\" data-end=\"485\">The conference halls at Hotel Crystal Light are designed to accommodate everything from intimate meetings for 20 people to large events with up to 150 participants.<\/p><p class=\"\" data-start=\"487\" data-end=\"684\">Modern interiors, natural lighting, and full technical equipment make them the ideal venue for presentations, seminars, workshops, conferences, and all types of business events.<\/p><p class=\"\" data-start=\"686\" data-end=\"805\">With the professional support of our team, every event runs seamlessly \u2014 from the first call to the final applause.<\/p>\t\t\t\t\t\t\t\t<\/div>\n\t\t\t\t<\/div>\n\t\t\t\t\t<\/div>\n\t\t<\/div>\n\t\t\t\t<div class=\"elementor-column elementor-col-50 elementor-top-column elementor-element elementor-element-72549669\" data-id=\"72549669\" data-element_type=\"column\" data-e-type=\"column\">\n\t\t\t<div class=\"elementor-widget-wrap elementor-element-populated\">\n\t\t\t\t\t\t<div class=\"elementor-element elementor-element-7201ef3 elementor-widget elementor-widget-image\" data-id=\"7201ef3\" data-element_type=\"widget\" data-e-type=\"widget\" data-widget_type=\"image.default\">\n\t\t\t\t<div class=\"elementor-widget-container\">\n\t\t\t\t\t\t\t\t\t\t\t\t\t\t\t\t<a href=\"http:\/\/media.crystallight.co.rs\/2020\/10\/DSS_8857-scaled.jpg\" data-elementor-open-lightbox=\"yes\" data-elementor-lightbox-title=\"Konferencijska sala\" data-e-action-hash=\"#elementor-action%3Aaction%3Dlightbox%26settings%3DeyJpZCI6MTg5OSwidXJsIjoiaHR0cHM6XC9cL21lZGlhLmNyeXN0YWxsaWdodC5jby5yc1wvMjAyMFwvMTBcL0RTU184ODU3LXNjYWxlZC5qcGcifQ%3D%3D\">\n\t\t\t\t\t\t\t<img decoding=\"async\" src=\"https:\/\/media.crystallight.co.rs\/2020\/10\/DSS_8857-scaled.jpg\" title=\"Konferencijska sala\" alt=\"Konferencijska sala za poslovne sastanke\" loading=\"lazy\" \/>\t\t\t\t\t\t\t\t<\/a>\n\t\t\t\t\t\t\t\t\t\t\t\t\t\t\t<\/div>\n\t\t\t\t<\/div>\n\t\t\t\t\t<\/div>\n\t\t<\/div>\n\t\t\t\t\t<\/div>\n\t\t<\/section>\n\t\t\t\t<\/div>","protected":false},"excerpt":{"rendered":"<p>Dobrodo\u0161li u hotel gde svaki gost ima svoje posebno mesto. Hotel Crystal Light u Ni\u0161u nije samo mesto za boravak , to je prostor u kome se stvaraju uspomene, grade poslovna partnerstva i pru\u017ea ose\u0107aj doma, \u010dak i kada ste daleko od njega. Hotel Crystal <span class=\"read-more\"><a class=\"more-link btn btn-transparent\" href=\"https:\/\/crystallight.co.rs\/en\/\">Read More &#8230;<\/a><\/span><\/p>","protected":false},"author":1,"featured_media":0,"parent":0,"menu_order":0,"comment_status":"closed","ping_status":"closed","template":"elementor_header_footer","meta":{"_monsterinsights_skip_tracking":false,"_monsterinsights_sitenote_active":false,"_monsterinsights_sitenote_note":"","_monsterinsights_sitenote_category":0,"footnotes":""},"class_list":["post-1118","page","type-page","status-publish","hentry"],"_links":{"self":[{"href":"https:\/\/crystallight.co.rs\/en\/wp-json\/wp\/v2\/pages\/1118","targetHints":{"allow":["GET"]}}],"collection":[{"href":"https:\/\/crystallight.co.rs\/en\/wp-json\/wp\/v2\/pages"}],"about":[{"href":"https:\/\/crystallight.co.rs\/en\/wp-json\/wp\/v2\/types\/page"}],"author":[{"embeddable":true,"href":"https:\/\/crystallight.co.rs\/en\/wp-json\/wp\/v2\/users\/1"}],"replies":[{"embeddable":true,"href":"https:\/\/crystallight.co.rs\/en\/wp-json\/wp\/v2\/comments?post=1118"}],"version-history":[{"count":176,"href":"https:\/\/crystallight.co.rs\/en\/wp-json\/wp\/v2\/pages\/1118\/revisions"}],"predecessor-version":[{"id":2653,"href":"https:\/\/crystallight.co.rs\/en\/wp-json\/wp\/v2\/pages\/1118\/revisions\/2653"}],"wp:attachment":[{"href":"https:\/\/crystallight.co.rs\/en\/wp-json\/wp\/v2\/media?parent=1118"}],"curies":[{"name":"wp","href":"https:\/\/api.w.org\/{rel}","templated":true}]}}